{"id":1452,"date":"2016-05-05T09:15:53","date_gmt":"2016-05-05T09:15:53","guid":{"rendered":"http:\/\/agoracademie.com\/blog\/?page_id=1452"},"modified":"2022-05-09T19:16:41","modified_gmt":"2022-05-09T17:16:41","slug":"inscription-forum","status":"publish","type":"page","link":"https:\/\/www.agoracademie.com\/blog\/inscription-forum\/","title":{"rendered":"Formulaire d&rsquo;inscription au forum"},"content":{"rendered":"<h2>L&rsquo;agora d&rsquo;Agoracademie<\/h2>\n<p><img loading=\"lazy\" decoding=\"async\" class=\"alignleft wp-image-1276 size-thumbnail\" title=\"Laurent Bertrel Agoracad\u00e9mie\" src=\"https:\/\/www.agoracademie.com\/blog\/wp-content\/uploads\/2015\/08\/laurent-bertrel-agoracademie-150x150.jpg\" alt=\"Laurent Bertrel Agoracad\u00e9mie\" width=\"150\" height=\"150\" \/>Bonjour,<\/p>\n<p>Je suis Laurent Bertrel, le fondateur d&rsquo;Agoracad\u00e9mie.<\/p>\n<p>Je suis \u00e9galement le mod\u00e9rateur de ce forum, et vous invite \u00e0 me contacter pour toute information compl\u00e9mentaire.<\/p>\n<p>L&rsquo;id\u00e9e de ce forum est de nous permettre de nous rencontrer d&rsquo;une mani\u00e8re diff\u00e9rente et de partager des informations, des id\u00e9es, sur notre passion, le d\u00e9veloppement personnel, le coaching, la formation, etc.<\/p>\n<p>Alors, n&rsquo;h\u00e9sitez pas \u00e0 communiquer sur ce forum, en sachant qu&rsquo;il est r\u00e9serv\u00e9 aux stagiaires d&rsquo;Agoracad\u00e9mie. Pour ce faire, il suffit de vous inscrire en utilisant le formulaire d&rsquo;inscription ci-dessous.<\/p>\n<p>D\u00e8s validation de votre inscription, vous pouvez ensuite utiliser l&rsquo;onglet \u00ab\u00a0CONNEXION FORUM\u00a0\u00bb pour vous connecter et participer \u00e0 la vie du forum.<\/p>\n<p>Veuillez noter que la publicit\u00e9 et autres spams seront automatiquement supprim\u00e9s.<\/p>\n<p>Merci de votre compr\u00e9hension.<\/p>\n<p>Bien \u00e0 vous,<\/p>\n<p>Laurent<\/p>\n<h3>Le formulaire d&rsquo;inscription au forum (seulement pour les stagiaires)<\/h3>\n<p style=\"text-align: center;\">\n<div class=\"cleanlogin-container cleanlogin-full-width\">\n\t<form class=\"cleanlogin-form\" method=\"post\" action=\"#\">\n\t\t<fieldset>\n\n\t\t\t\t\t\t\t\t\t\n\t\t\t\t\t\t\t<div class=\"cleanlogin-field\">\n                    <label for=\"username\">Identifiant<\/label>\n\t\t\t\t\t<input class=\"cleanlogin-field-username\" type=\"text\" name=\"username\" value=\"\" placeholder=\"Identifiant\" aria-label=\"Identifiant\">\n\t\t\t\t<\/div>\n\t\t\t\t\t\t\n\t\t\t<div class=\"cleanlogin-field\">\n                <label for=\"email\">E-mail<\/label>\n\t\t\t\t<input class=\"cleanlogin-field-email\" type=\"email\" name=\"email\" value=\"\" placeholder=\"E-mail\" aria-label=\"E-mail\">\n\t\t\t<\/div>\n\n\t\t\t<div class=\"cleanlogin-field-website\">\n\t\t\t\t<label for='website'>Website<\/label>\n\t\t\t\t<input type='text' name='website' value=\".\">\n\t\t\t<\/div>\n\n\t\t\t<div class=\"cleanlogin-field\">\n                <label for=\"pass1\">Nouveau mot de passe<\/label>\n\t\t\t\t<input class=\"cleanlogin-field-password\" type=\"password\" name=\"pass1\" value=\"\" autocomplete=\"off\" placeholder=\"Nouveau mot de passe\" aria-label=\"Nouveau mot de passe\">\n\t\t\t<\/div>\n\n\t\t\t\t\t\t\t<div class=\"cleanlogin-field\">\n                    <label for=\"pass2\">Confirmer le mot de passe<\/label>\n\t\t\t\t\t<input class=\"cleanlogin-field-password\" type=\"password\" name=\"pass2\" value=\"\" autocomplete=\"off\" placeholder=\"Confirmer le mot de passe\" aria-label=\"Confirmer le mot de passe\">\n\t\t\t\t<\/div>\n\t\t\t\n\t\t\t\n\t\t\t            \n\t\t\t\n\t\t\t\n\t\t\t<input type=\"hidden\" name=\"clean_login_wpnonce\" value=\"f355857f77\">\n\n\t\t\t\t\t<\/fieldset>\n\n\t\t<div>\n\t\t\t<input type=\"submit\" value=\"S\u2019inscrire\" name=\"btn-submit\" onclick=\"this.form.submit(); this.disabled = true;\">\n\t\t\t<input type=\"hidden\" name=\"action\" value=\"register\">\n\t\t<\/div>\n\n\t<\/form>\n<\/div><\/p>\n<h3><\/h3>\n<h3>La r\u00e9initialisation du nouveau mot de passe oubli\u00e9 (pour le forum)<\/h3>\n<p style=\"text-align: center;\">\n<div class=\"cleanlogin-container\">\n\t<form class=\"cleanlogin-form\" method=\"post\" action=\"#\" onsubmit=\"submit.disabled = true; return true;\">\n\n\t\t<fieldset>\n\t\t\n\t\t\t<div class=\"cleanlogin-field\">\n                <label for=\"username\">Identifiant (ou e-mail)<\/label>\n\t\t\t\t<input class=\"cleanlogin-field-username\" type=\"text\" name=\"username\" value=\"\" placeholder=\"Identifiant (ou e-mail)\" aria-label=\"Identifiant (ou e-mail)\">\n\t\t\t<\/div>\n\n\t\t\t<div class=\"cleanlogin-field-website\">\n\t\t\t\t<label for='website'>Website<\/label>\n\t    \t\t<input type='text' name='website' value=\".\">\n\t    \t<\/div>\n\t\t\n\t\t<\/fieldset>\n\t\t\n\t\t<div>\t\n\t\t\t<input type=\"submit\" value=\"Restaurer le mot de passe\" name=\"submit\">\n\t\t\t<input type=\"hidden\" name=\"action\" value=\"restore\">\t\n\t\t<\/div>\n\n\t<\/form>\n<\/div><\/p>\n<h3><\/h3>\n<h3>Qui sommes-nous ?<\/h3>\n<p>Agoracad\u00e9mie est un centre de formation en ligne et \u00e0 distance sp\u00e9cialis\u00e9 dans le d\u00e9veloppement personnel et professionnel.<\/p>\n<p>En effet, nos formations sont g\u00e9n\u00e9ralement certifiantes ce qui vous permet d&rsquo;ajouter une nouvelle corde \u00e0 votre arc professionnel.<\/p>\n<p>Ainsi, \u00e0 partir de chez vous et \u00e0 votre rythme, vous pouvez en apprendre plus sur vous-m\u00eame tout en diversifiant vos outils d&rsquo;accompagnement.<\/p>\n<p>De plus, cet apprentissage se fait \u00e0 faible co\u00fbt car notre politique commerciale est de proposer des formations au juste prix.<\/p>\n<p>Non pas pour nous enrichir (m\u00eame si nous avons aussi besoin d&rsquo;argent pour vivre bien entendu) mais dans l&rsquo;id\u00e9e d&rsquo;aider le plus grand nombre \u00e0 b\u00e9n\u00e9ficier de m\u00e9thodes qui peuvent transformer\u00a0positivement leur vie.<\/p>\n<p>Alors si vous aussi vous souhaitez participer \u00e0 la diffusion de ces m\u00e9thodes qui vont r\u00e9volutionner votre vie et celle de votre client\u00e8le &#8211; patient\u00e8le, rejoignez d\u00e8s maintenant la longue liste des stagiaires d&rsquo;Agoracad\u00e9mie !<\/p>\n","protected":false},"excerpt":{"rendered":"<p>L&rsquo;agora d&rsquo;Agoracademie Bonjour, Je suis Laurent Bertrel, le fondateur d&rsquo;Agoracad\u00e9mie. Je suis \u00e9galement le mod\u00e9rateur de ce forum, et vous invite \u00e0 me contacter pour toute information compl\u00e9mentaire. L&rsquo;id\u00e9e de ce forum est de nous permettre de nous rencontrer d&rsquo;une mani\u00e8re diff\u00e9rente et de partager des informations, des id\u00e9es, sur notre passion, le d\u00e9veloppement personnel, le coaching, la formation, etc. Alors, n&rsquo;h\u00e9sitez pas \u00e0 communiquer sur ce forum, en sachant qu&rsquo;il est r\u00e9serv\u00e9 aux stagiaires d&rsquo;Agoracad\u00e9mie. Pour ce faire, il suffit de vous inscrire en utilisant le formulaire d&rsquo;inscription ci-dessous. D\u00e8s validation de votre inscription, vous pouvez ensuite utiliser l&rsquo;onglet \u00ab\u00a0CONNEXION FORUM\u00a0\u00bb pour vous connecter et participer \u00e0 la vie du forum. Veuillez noter que la publicit\u00e9 et autres spams seront automatiquement supprim\u00e9s. Merci de votre compr\u00e9hension. Bien \u00e0 vous, Laurent Le formulaire d&rsquo;inscription au forum (seulement pour les stagiaires) La r\u00e9initialisation du nouveau mot de passe oubli\u00e9 (pour le forum) Qui sommes-nous ? Agoracad\u00e9mie est un centre de formation en ligne et \u00e0 distance sp\u00e9cialis\u00e9 dans le d\u00e9veloppement personnel et professionnel. En effet, nos formations sont g\u00e9n\u00e9ralement certifiantes ce qui vous permet d&rsquo;ajouter une nouvelle corde \u00e0 votre arc professionnel. Ainsi, \u00e0 partir de chez vous et \u00e0 votre rythme, vous pouvez en apprendre plus sur vous-m\u00eame tout en diversifiant vos outils d&rsquo;accompagnement. De plus, cet apprentissage se fait \u00e0 faible co\u00fbt car notre politique commerciale est de proposer des formations au juste prix. Non pas pour nous enrichir (m\u00eame si nous avons aussi besoin d&rsquo;argent pour vivre bien entendu) mais dans l&rsquo;id\u00e9e d&rsquo;aider le plus grand nombre \u00e0 b\u00e9n\u00e9ficier de m\u00e9thodes qui peuvent transformer\u00a0positivement leur vie. Alors si vous aussi vous souhaitez participer \u00e0 la diffusion de ces m\u00e9thodes qui vont r\u00e9volutionner votre vie et celle de votre client\u00e8le &#8211; patient\u00e8le, rejoignez d\u00e8s maintenant la longue liste des stagiaires d&rsquo;Agoracad\u00e9mie !<\/p>\n","protected":false},"author":2,"featured_media":0,"parent":0,"menu_order":0,"comment_status":"closed","ping_status":"closed","template":"","meta":{"_bbp_topic_count":0,"_bbp_reply_count":0,"_bbp_total_topic_count":0,"_bbp_total_reply_count":0,"_bbp_voice_count":0,"_bbp_anonymous_reply_count":0,"_bbp_topic_count_hidden":0,"_bbp_reply_count_hidden":0,"_bbp_forum_subforum_count":0,"footnotes":""},"class_list":["post-1452","page","type-page","status-publish","hentry"],"yoast_head":"<!-- This site is optimized with the Yoast SEO plugin v27.4 - https:\/\/yoast.com\/product\/yoast-seo-wordpress\/ -->\n<title>Formulaire d&#039;inscription au forum de l&#039;\u00e9cole Agoracad\u00e9mie<\/title>\n<meta name=\"description\" content=\"Forum sur le d\u00e9veloppement personnel, Agoracad\u00e9mie est \u00e9galement un centre de formation en ligne et \u00e0 distance proposant des formations certifiantes.\" \/>\n<meta name=\"robots\" content=\"noindex, follow\" \/>\n<meta property=\"og:locale\" content=\"fr_FR\" \/>\n<meta property=\"og:type\" content=\"article\" \/>\n<meta property=\"og:title\" content=\"Formulaire d&#039;inscription au forum de l&#039;\u00e9cole Agoracad\u00e9mie\" \/>\n<meta property=\"og:description\" content=\"Forum sur le d\u00e9veloppement personnel, Agoracad\u00e9mie est \u00e9galement un centre de formation en ligne et \u00e0 distance proposant des formations certifiantes.\" \/>\n<meta property=\"og:url\" content=\"https:\/\/www.agoracademie.com\/blog\/inscription-forum\/\" \/>\n<meta property=\"og:site_name\" content=\"Agoracad\u00e9mie\" \/>\n<meta property=\"article:modified_time\" content=\"2022-05-09T17:16:41+00:00\" \/>\n<meta property=\"og:image\" content=\"https:\/\/www.agoracademie.com\/blog\/wp-content\/uploads\/2015\/08\/laurent-bertrel-agoracademie-150x150.jpg\" \/>\n<meta name=\"twitter:label1\" content=\"Dur\u00e9e de lecture estim\u00e9e\" \/>\n\t<meta name=\"twitter:data1\" content=\"2 minutes\" \/>\n<script type=\"application\/ld+json\" class=\"yoast-schema-graph\">{\"@context\":\"https:\\\/\\\/schema.org\",\"@graph\":[{\"@type\":\"WebPage\",\"@id\":\"https:\\\/\\\/www.agoracademie.com\\\/blog\\\/inscription-forum\\\/\",\"url\":\"https:\\\/\\\/www.agoracademie.com\\\/blog\\\/inscription-forum\\\/\",\"name\":\"Formulaire d'inscription au forum de l'\u00e9cole Agoracad\u00e9mie\",\"isPartOf\":{\"@id\":\"https:\\\/\\\/www.agoracademie.com\\\/blog\\\/#website\"},\"primaryImageOfPage\":{\"@id\":\"https:\\\/\\\/www.agoracademie.com\\\/blog\\\/inscription-forum\\\/#primaryimage\"},\"image\":{\"@id\":\"https:\\\/\\\/www.agoracademie.com\\\/blog\\\/inscription-forum\\\/#primaryimage\"},\"thumbnailUrl\":\"https:\\\/\\\/www.agoracademie.com\\\/blog\\\/wp-content\\\/uploads\\\/2015\\\/08\\\/laurent-bertrel-agoracademie-150x150.jpg\",\"datePublished\":\"2016-05-05T09:15:53+00:00\",\"dateModified\":\"2022-05-09T17:16:41+00:00\",\"description\":\"Forum sur le d\u00e9veloppement personnel, Agoracad\u00e9mie est \u00e9galement un centre de formation en ligne et \u00e0 distance proposant des formations certifiantes.\",\"breadcrumb\":{\"@id\":\"https:\\\/\\\/www.agoracademie.com\\\/blog\\\/inscription-forum\\\/#breadcrumb\"},\"inLanguage\":\"fr-FR\",\"potentialAction\":[{\"@type\":\"ReadAction\",\"target\":[\"https:\\\/\\\/www.agoracademie.com\\\/blog\\\/inscription-forum\\\/\"]}]},{\"@type\":\"ImageObject\",\"inLanguage\":\"fr-FR\",\"@id\":\"https:\\\/\\\/www.agoracademie.com\\\/blog\\\/inscription-forum\\\/#primaryimage\",\"url\":\"https:\\\/\\\/www.agoracademie.com\\\/blog\\\/wp-content\\\/uploads\\\/2015\\\/08\\\/laurent-bertrel-agoracademie.jpg\",\"contentUrl\":\"https:\\\/\\\/www.agoracademie.com\\\/blog\\\/wp-content\\\/uploads\\\/2015\\\/08\\\/laurent-bertrel-agoracademie.jpg\",\"width\":207,\"height\":250},{\"@type\":\"BreadcrumbList\",\"@id\":\"https:\\\/\\\/www.agoracademie.com\\\/blog\\\/inscription-forum\\\/#breadcrumb\",\"itemListElement\":[{\"@type\":\"ListItem\",\"position\":1,\"name\":\"Accueil\",\"item\":\"https:\\\/\\\/www.agoracademie.com\\\/blog\\\/\"},{\"@type\":\"ListItem\",\"position\":2,\"name\":\"Formulaire d&#8217;inscription au forum\"}]},{\"@type\":\"WebSite\",\"@id\":\"https:\\\/\\\/www.agoracademie.com\\\/blog\\\/#website\",\"url\":\"https:\\\/\\\/www.agoracademie.com\\\/blog\\\/\",\"name\":\"Blog Agoracad\u00e9mie - Centre de formation en ligne et \u00e0 distance\",\"description\":\"Le blog du d\u00e9veloppement personnel et des th\u00e9rapies\",\"potentialAction\":[{\"@type\":\"SearchAction\",\"target\":{\"@type\":\"EntryPoint\",\"urlTemplate\":\"https:\\\/\\\/www.agoracademie.com\\\/blog\\\/?s={search_term_string}\"},\"query-input\":{\"@type\":\"PropertyValueSpecification\",\"valueRequired\":true,\"valueName\":\"search_term_string\"}}],\"inLanguage\":\"fr-FR\"}]}<\/script>\n<!-- \/ Yoast SEO plugin. -->","yoast_head_json":{"title":"Formulaire d'inscription au forum de l'\u00e9cole Agoracad\u00e9mie","description":"Forum sur le d\u00e9veloppement personnel, Agoracad\u00e9mie est \u00e9galement un centre de formation en ligne et \u00e0 distance proposant des formations certifiantes.","robots":{"index":"noindex","follow":"follow"},"og_locale":"fr_FR","og_type":"article","og_title":"Formulaire d'inscription au forum de l'\u00e9cole Agoracad\u00e9mie","og_description":"Forum sur le d\u00e9veloppement personnel, Agoracad\u00e9mie est \u00e9galement un centre de formation en ligne et \u00e0 distance proposant des formations certifiantes.","og_url":"https:\/\/www.agoracademie.com\/blog\/inscription-forum\/","og_site_name":"Agoracad\u00e9mie","article_modified_time":"2022-05-09T17:16:41+00:00","og_image":[{"url":"https:\/\/www.agoracademie.com\/blog\/wp-content\/uploads\/2015\/08\/laurent-bertrel-agoracademie-150x150.jpg","type":"","width":"","height":""}],"twitter_misc":{"Dur\u00e9e de lecture estim\u00e9e":"2 minutes"},"schema":{"@context":"https:\/\/schema.org","@graph":[{"@type":"WebPage","@id":"https:\/\/www.agoracademie.com\/blog\/inscription-forum\/","url":"https:\/\/www.agoracademie.com\/blog\/inscription-forum\/","name":"Formulaire d'inscription au forum de l'\u00e9cole Agoracad\u00e9mie","isPartOf":{"@id":"https:\/\/www.agoracademie.com\/blog\/#website"},"primaryImageOfPage":{"@id":"https:\/\/www.agoracademie.com\/blog\/inscription-forum\/#primaryimage"},"image":{"@id":"https:\/\/www.agoracademie.com\/blog\/inscription-forum\/#primaryimage"},"thumbnailUrl":"https:\/\/www.agoracademie.com\/blog\/wp-content\/uploads\/2015\/08\/laurent-bertrel-agoracademie-150x150.jpg","datePublished":"2016-05-05T09:15:53+00:00","dateModified":"2022-05-09T17:16:41+00:00","description":"Forum sur le d\u00e9veloppement personnel, Agoracad\u00e9mie est \u00e9galement un centre de formation en ligne et \u00e0 distance proposant des formations certifiantes.","breadcrumb":{"@id":"https:\/\/www.agoracademie.com\/blog\/inscription-forum\/#breadcrumb"},"inLanguage":"fr-FR","potentialAction":[{"@type":"ReadAction","target":["https:\/\/www.agoracademie.com\/blog\/inscription-forum\/"]}]},{"@type":"ImageObject","inLanguage":"fr-FR","@id":"https:\/\/www.agoracademie.com\/blog\/inscription-forum\/#primaryimage","url":"https:\/\/www.agoracademie.com\/blog\/wp-content\/uploads\/2015\/08\/laurent-bertrel-agoracademie.jpg","contentUrl":"https:\/\/www.agoracademie.com\/blog\/wp-content\/uploads\/2015\/08\/laurent-bertrel-agoracademie.jpg","width":207,"height":250},{"@type":"BreadcrumbList","@id":"https:\/\/www.agoracademie.com\/blog\/inscription-forum\/#breadcrumb","itemListElement":[{"@type":"ListItem","position":1,"name":"Accueil","item":"https:\/\/www.agoracademie.com\/blog\/"},{"@type":"ListItem","position":2,"name":"Formulaire d&#8217;inscription au forum"}]},{"@type":"WebSite","@id":"https:\/\/www.agoracademie.com\/blog\/#website","url":"https:\/\/www.agoracademie.com\/blog\/","name":"Blog Agoracad\u00e9mie - Centre de formation en ligne et \u00e0 distance","description":"Le blog du d\u00e9veloppement personnel et des th\u00e9rapies","potentialAction":[{"@type":"SearchAction","target":{"@type":"EntryPoint","urlTemplate":"https:\/\/www.agoracademie.com\/blog\/?s={search_term_string}"},"query-input":{"@type":"PropertyValueSpecification","valueRequired":true,"valueName":"search_term_string"}}],"inLanguage":"fr-FR"}]}},"acf":[],"_links":{"self":[{"href":"https:\/\/www.agoracademie.com\/blog\/wp-json\/wp\/v2\/pages\/1452","targetHints":{"allow":["GET"]}}],"collection":[{"href":"https:\/\/www.agoracademie.com\/blog\/wp-json\/wp\/v2\/pages"}],"about":[{"href":"https:\/\/www.agoracademie.com\/blog\/wp-json\/wp\/v2\/types\/page"}],"author":[{"embeddable":true,"href":"https:\/\/www.agoracademie.com\/blog\/wp-json\/wp\/v2\/users\/2"}],"replies":[{"embeddable":true,"href":"https:\/\/www.agoracademie.com\/blog\/wp-json\/wp\/v2\/comments?post=1452"}],"version-history":[{"count":31,"href":"https:\/\/www.agoracademie.com\/blog\/wp-json\/wp\/v2\/pages\/1452\/revisions"}],"predecessor-version":[{"id":19235,"href":"https:\/\/www.agoracademie.com\/blog\/wp-json\/wp\/v2\/pages\/1452\/revisions\/19235"}],"wp:attachment":[{"href":"https:\/\/www.agoracademie.com\/blog\/wp-json\/wp\/v2\/media?parent=1452"}],"curies":[{"name":"wp","href":"https:\/\/api.w.org\/{rel}","templated":true}]}}